{"id":32,"date":"2018-03-11T12:23:32","date_gmt":"2018-03-11T11:23:32","guid":{"rendered":"https:\/\/consulat-honoraire-france.de\/?page_id=32"},"modified":"2025-01-13T15:41:18","modified_gmt":"2025-01-13T14:41:18","slug":"kooperationen","status":"publish","type":"page","link":"https:\/\/consulat-honoraire-france.de\/fr\/kooperationen\/","title":{"rendered":"Coop\u00e9rations"},"content":{"rendered":"<section class=\"l-section wpb_row height_small\"><div class=\"l-section-h i-cf\"><div class=\"g-cols vc_row via_grid cols_1 laptops-cols_inherit tablets-cols_inherit mobiles-cols_1 valign_top type_default stacking_default\"><div class=\"wpb_column vc_column_container\"><div class=\"vc_column-inner\"><div class=\"w-separator size_custom\" style=\"height:32px\"><\/div><div class=\"w-image align_none\"><div class=\"w-image-h\"><img loading=\"lazy\" decoding=\"async\" width=\"1837\" height=\"1068\" src=\"https:\/\/consulat-honoraire-france.de\/wp-content\/uploads\/2025\/01\/Foto-Kooperationen-2-Kopie.webp\" class=\"attachment-full size-full\" alt=\"\" srcset=\"https:\/\/consulat-honoraire-france.de\/wp-content\/uploads\/2025\/01\/Foto-Kooperationen-2-Kopie.webp 1837w, https:\/\/consulat-honoraire-france.de\/wp-content\/uploads\/2025\/01\/Foto-Kooperationen-2-Kopie-300x174.webp 300w, https:\/\/consulat-honoraire-france.de\/wp-content\/uploads\/2025\/01\/Foto-Kooperationen-2-Kopie-1024x595.webp 1024w, https:\/\/consulat-honoraire-france.de\/wp-content\/uploads\/2025\/01\/Foto-Kooperationen-2-Kopie-768x447.webp 768w, https:\/\/consulat-honoraire-france.de\/wp-content\/uploads\/2025\/01\/Foto-Kooperationen-2-Kopie-172x100.webp 172w, https:\/\/consulat-honoraire-france.de\/wp-content\/uploads\/2025\/01\/Foto-Kooperationen-2-Kopie-86x50.webp 86w\" sizes=\"auto, (max-width: 1837px) 100vw, 1837px\" \/><\/div><\/div><div class=\"w-separator size_medium\"><\/div><div class=\"wpb_text_column\"><div class=\"wpb_wrapper\"><h1 style=\"text-align: center;\">Coop\u00e9rations<\/h1>\n<\/div><\/div><\/div><\/div><\/div><\/div><\/section><section class=\"l-section wpb_row height_small\"><div class=\"l-section-h i-cf\"><div class=\"g-cols vc_row via_grid cols_2 laptops-cols_inherit tablets-cols_inherit mobiles-cols_1 valign_top type_default stacking_default\"><div class=\"wpb_column vc_column_container\"><div class=\"vc_column-inner\"><div class=\"w-iconbox iconpos_top style_default color_primary align_center icontype_img\"><div class=\"w-iconbox-icon\" style=\"font-size:10rem;\"><img loading=\"lazy\" decoding=\"async\" width=\"600\" height=\"250\" src=\"https:\/\/consulat-honoraire-france.de\/wp-content\/uploads\/2018\/03\/Logo_SalonDiplomatique_blau-klein.png\" class=\"attachment-full size-full\" alt=\"\" srcset=\"https:\/\/consulat-honoraire-france.de\/wp-content\/uploads\/2018\/03\/Logo_SalonDiplomatique_blau-klein.png 600w, https:\/\/consulat-honoraire-france.de\/wp-content\/uploads\/2018\/03\/Logo_SalonDiplomatique_blau-klein-300x125.png 300w, https:\/\/consulat-honoraire-france.de\/wp-content\/uploads\/2018\/03\/Logo_SalonDiplomatique_blau-klein-200x83.png 200w, https:\/\/consulat-honoraire-france.de\/wp-content\/uploads\/2018\/03\/Logo_SalonDiplomatique_blau-klein-120x50.png 120w, https:\/\/consulat-honoraire-france.de\/wp-content\/uploads\/2018\/03\/Logo_SalonDiplomatique_blau-klein-100x42.png 100w\" sizes=\"auto, (max-width: 600px) 100vw, 600px\" \/><\/div><div class=\"w-iconbox-meta\"><h3 class=\"w-iconbox-title\">Salon Diplomatique<\/h3><div class=\"w-iconbox-text\"><p style=\"text-align: center;\">Le\u00a0<b class=\"\">Salon Diplomatique<\/b> favorise l\u2019entente, l\u2019amiti\u00e9 et la tol\u00e9rance entre les peuples. Le Consul honoraire de France \u00e0 Mannheim, Folker R. Z\u00f6ller, compte parmi ses initiateurs.<\/p>\n<\/div><\/div><\/div><\/div><\/div><div class=\"wpb_column vc_column_container\"><div class=\"vc_column-inner\"><div class=\"w-iconbox iconpos_top style_default color_primary align_center icontype_img\"><div class=\"w-iconbox-icon\" style=\"font-size:10rem;\"><img loading=\"lazy\" decoding=\"async\" width=\"800\" height=\"294\" src=\"https:\/\/consulat-honoraire-france.de\/wp-content\/uploads\/2025\/01\/logo-if-2021.png\" class=\"attachment-full size-full\" alt=\"\" srcset=\"https:\/\/consulat-honoraire-france.de\/wp-content\/uploads\/2025\/01\/logo-if-2021.png 800w, https:\/\/consulat-honoraire-france.de\/wp-content\/uploads\/2025\/01\/logo-if-2021-300x110.png 300w, https:\/\/consulat-honoraire-france.de\/wp-content\/uploads\/2025\/01\/logo-if-2021-768x282.png 768w, https:\/\/consulat-honoraire-france.de\/wp-content\/uploads\/2025\/01\/logo-if-2021-200x74.png 200w, https:\/\/consulat-honoraire-france.de\/wp-content\/uploads\/2025\/01\/logo-if-2021-136x50.png 136w, https:\/\/consulat-honoraire-france.de\/wp-content\/uploads\/2025\/01\/logo-if-2021-100x37.png 100w\" sizes=\"auto, (max-width: 800px) 100vw, 800px\" \/><\/div><div class=\"w-iconbox-meta\"><h3 class=\"w-iconbox-title\">Institut Fran\u00e7ais Mannheim<\/h3><div class=\"w-iconbox-text\"><p style=\"text-align: center;\"><b class=\"\"><span class=\"\" lang=\"FR\">L\u2019Institut Fran\u00e7ais Mannheim<\/span><\/b><span class=\"\" lang=\"FR\">\u00a0existe depuis 2015 et fait partie d\u2019un r\u00e9seau mondial de plus de 200 organismes qui se consacrent \u00e0 la promotion de la langue et de la culture fran\u00e7aises. <\/span><span class=\"\">Le Consul honoraire de France \u00e0 Mannheim, Folker R. Z\u00f6ller, en <\/span><span class=\"\" lang=\"FR\">est l\u2019un de ses fondateurs.<\/span><\/p>\n<\/div><\/div><\/div><\/div><\/div><\/div><\/div><\/section><section class=\"l-section wpb_row height_small\"><div class=\"l-section-h i-cf\"><div class=\"g-cols vc_row via_grid cols_1 laptops-cols_inherit tablets-cols_inherit mobiles-cols_1 valign_top type_default stacking_default\"><div class=\"wpb_column vc_column_container\"><div class=\"vc_column-inner\"><\/div><\/div><\/div><\/div><\/section>\n","protected":false},"excerpt":{"rendered":"Coop\u00e9rations Salon DiplomatiqueLe\u00a0Salon Diplomatique favorise l\u2019entente, l\u2019amiti\u00e9 et la tol\u00e9rance entre les peuples. Le Consul honoraire de France \u00e0 Mannheim, Folker R. Z\u00f6ller, compte parmi ses initiateurs. Institut Fran\u00e7ais MannheimL\u2019Institut Fran\u00e7ais Mannheim\u00a0existe depuis 2015 et fait partie d\u2019un r\u00e9seau mondial de plus de 200 organismes qui se consacrent \u00e0 la promotion de la langue et...","protected":false},"author":1,"featured_media":0,"parent":0,"menu_order":0,"comment_status":"closed","ping_status":"closed","template":"","meta":{"footnotes":""},"class_list":["post-32","page","type-page","status-publish","hentry"],"_links":{"self":[{"href":"https:\/\/consulat-honoraire-france.de\/fr\/wp-json\/wp\/v2\/pages\/32","targetHints":{"allow":["GET"]}}],"collection":[{"href":"https:\/\/consulat-honoraire-france.de\/fr\/wp-json\/wp\/v2\/pages"}],"about":[{"href":"https:\/\/consulat-honoraire-france.de\/fr\/wp-json\/wp\/v2\/types\/page"}],"author":[{"embeddable":true,"href":"https:\/\/consulat-honoraire-france.de\/fr\/wp-json\/wp\/v2\/users\/1"}],"replies":[{"embeddable":true,"href":"https:\/\/consulat-honoraire-france.de\/fr\/wp-json\/wp\/v2\/comments?post=32"}],"version-history":[{"count":56,"href":"https:\/\/consulat-honoraire-france.de\/fr\/wp-json\/wp\/v2\/pages\/32\/revisions"}],"predecessor-version":[{"id":456,"href":"https:\/\/consulat-honoraire-france.de\/fr\/wp-json\/wp\/v2\/pages\/32\/revisions\/456"}],"wp:attachment":[{"href":"https:\/\/consulat-honoraire-france.de\/fr\/wp-json\/wp\/v2\/media?parent=32"}],"curies":[{"name":"wp","href":"https:\/\/api.w.org\/{rel}","templated":true}]}}