{"id":25,"date":"2018-03-11T12:00:16","date_gmt":"2018-03-11T11:00:16","guid":{"rendered":"https:\/\/consulat-honoraire-france.de\/?page_id=25"},"modified":"2025-11-25T11:07:02","modified_gmt":"2025-11-25T10:07:02","slug":"start","status":"publish","type":"page","link":"https:\/\/consulat-honoraire-france.de\/fr\/","title":{"rendered":"Page d&rsquo;accueil"},"content":{"rendered":"<section class=\"l-section wpb_row height_small\"><div class=\"l-section-h i-cf\"><div class=\"g-cols vc_row via_grid cols_1 laptops-cols_inherit tablets-cols_inherit mobiles-cols_1 valign_top type_default stacking_default\"><div class=\"wpb_column vc_column_container\"><div class=\"vc_column-inner\"><div class=\"w-separator size_custom\" style=\"height:32px\"><\/div><div class=\"w-image us_custom_f70d789f us_animate_this align_none\"><div class=\"w-image-h\"><img loading=\"lazy\" decoding=\"async\" width=\"1396\" height=\"585\" src=\"https:\/\/consulat-honoraire-france.de\/wp-content\/uploads\/2023\/05\/Foto-Startseite.png\" class=\"attachment-full size-full\" alt=\"\" srcset=\"https:\/\/consulat-honoraire-france.de\/wp-content\/uploads\/2023\/05\/Foto-Startseite.png 1396w, https:\/\/consulat-honoraire-france.de\/wp-content\/uploads\/2023\/05\/Foto-Startseite-300x126.png 300w, https:\/\/consulat-honoraire-france.de\/wp-content\/uploads\/2023\/05\/Foto-Startseite-1024x429.png 1024w, https:\/\/consulat-honoraire-france.de\/wp-content\/uploads\/2023\/05\/Foto-Startseite-768x322.png 768w, https:\/\/consulat-honoraire-france.de\/wp-content\/uploads\/2023\/05\/Foto-Startseite-200x84.png 200w, https:\/\/consulat-honoraire-france.de\/wp-content\/uploads\/2023\/05\/Foto-Startseite-119x50.png 119w, https:\/\/consulat-honoraire-france.de\/wp-content\/uploads\/2023\/05\/Foto-Startseite-100x42.png 100w\" sizes=\"auto, (max-width: 1396px) 100vw, 1396px\" \/><\/div><\/div><div class=\"w-separator size_custom\" style=\"height:16px\"><\/div><div class=\"wpb_text_column\"><div class=\"wpb_wrapper\"><h1>Bienvenue<\/h1>\n<\/div><\/div><div class=\"w-separator size_custom\" style=\"height:16px\"><\/div><div class=\"wpb_text_column\"><div class=\"wpb_wrapper\"><p><strong>Bienvenue sur le site du consulat honoraire de France \u00e0 Mannheim !<\/strong><\/p>\n<p>Nous sommes contents de votre visite et nous vous invitons \u00e0 d\u00e9couvrir les activit\u00e9s du consul honoraire ainsi que d\u2019apprendre plus sur nos coop\u00e9rations. De plus, nous voudrions vous informer des \u00e9v\u00e9nements culturels actuels dans la r\u00e9gion. Bonne visite !<\/p>\n<\/div><\/div><div class=\"w-separator size_custom\" style=\"height:32px\"><\/div><\/div><\/div><\/div><\/div><\/section><section class=\"l-section wpb_row height_auto\"><div class=\"l-section-h i-cf\"><div class=\"g-cols vc_row via_grid cols_1 laptops-cols_inherit tablets-cols_inherit mobiles-cols_1 valign_top type_default stacking_default\"><div class=\"wpb_column vc_column_container\"><div class=\"vc_column-inner\"><div class=\"w-separator size_medium with_line width_default thick_2 style_solid color_border align_center\"><div class=\"w-separator-h\"><\/div><\/div><\/div><\/div><\/div><\/div><\/section><section class=\"l-section wpb_row height_small\" id=\"info\"><div class=\"l-section-h i-cf\"><div class=\"g-cols vc_row via_grid cols_1 laptops-cols_inherit tablets-cols_inherit mobiles-cols_1 valign_top type_default stacking_default\"><div class=\"wpb_column vc_column_container\"><div class=\"vc_column-inner\"><div class=\"wpb_text_column\"><div class=\"wpb_wrapper\"><h2>Conseils pratiques<\/h2>\n<\/div><\/div><div class=\"w-separator size_custom\" style=\"height:30px\"><\/div><div class=\"g-cols wpb_row us_custom_e7f5d98a via_grid cols_2 laptops-cols_inherit tablets-cols_inherit mobiles-cols_1 valign_top type_default stacking_default\"><div class=\"wpb_column vc_column_container us_custom_8591a7b2\"><div class=\"vc_column-inner\"><div class=\"wpb_text_column\"><div class=\"wpb_wrapper\"><h4>Cartes nationales d\u2019identit\u00e9 et passeports<\/h4>\n<p>Pour l\u2019\u00e9tablissement d\u2019une carte d\u2019identit\u00e9 ou d\u2019un passeport, vous pouvez vous rendre au Consulat g\u00e9n\u00e9ral de Francfort, au Consulat g\u00e9n\u00e9ral de Munich ou dans une mairie fran\u00e7aise.<\/p>\n<p>Si vous optez pour l\u2019un des deux Consulats g\u00e9n\u00e9raux, vous devez prendre rendez-vous en ligne sur <a href=\"https:\/\/de.ambafrance.org\/Plateforme-de-rendez-vous-en-ligne-17157\" target=\"_blank\" rel=\"noopener\">Plateforme-de-rendez-vous-en-ligne<\/a> pour Francfort et <a href=\"https:\/\/de.ambafrance.org\/Prendre-rendez-vous-pour-une-demande-de-carte-d-identite-ou-de-passeport\" target=\"_blank\" rel=\"noopener\">Prendre-rendez-vous-pour-une-demande-de-carte-d-identite-ou-de-passeport<\/a> pour Munich.<\/p>\n<p>Si vous pr\u00e9f\u00e9rez vous rendre en France, vous trouverez une liste des mairies habilit\u00e9es \u00e0 recevoir votre demande de carte d\u2019identit\u00e9 ou de passeport sur le site <a href=\"https:\/\/passeport.ants.gouv.fr\/Services-associes\/Ou-faire-ma-demande-de-passeport-CNI\" target=\"_blank\" rel=\"noopener\">Ou-faire-ma-demande-de-passeport<\/a><\/p>\n<p>Vous trouverez la liste des documents \u00e0 fournir pour une demande de carte d\u2019identit\u00e9 sur le site <a href=\"https:\/\/de.ambafrance.org\/Cartes-nationales-d-identite-17307\" target=\"_blank\" rel=\"noopener\">Cartes-nationales-d-identite<\/a><\/p>\n<p>Pour une demande de passeport, veuillez consulter le site <a href=\"https:\/\/de.ambafrance.org\/Passeports\" target=\"_blank\" rel=\"noopener\">Passeports<\/a><\/p>\n<h4>Inscription au registre des Fran\u00e7ais \u00e9tablis hors de France<\/h4>\n<p>Il vous est recommand\u00e9 de vous inscrire au registre des Fran\u00e7ais \u00e9tablis hors de France. Cette inscription s\u2019effectue en ligne. Gratuite, elle facilite ensuite vos d\u00e9marches aupr\u00e8s du Consulat. Ses avantages et la marche \u00e0 suivre sont expliqu\u00e9s sur le site <a href=\"https:\/\/de.ambafrance.org\/Inscrivez-vous-au-registre-des-Francais-de-l-etranger-16496\" target=\"_blank\" rel=\"noopener\">Inscrivez-vous-au-registre-des-Francais-de-l-etranger<\/a><\/p>\n<\/div><\/div><\/div><\/div><div class=\"wpb_column vc_column_container\"><div class=\"vc_column-inner\"><div class=\"wpb_text_column\"><div class=\"wpb_wrapper\"><h4>Questions d\u2019\u00e9tat civil<\/h4>\n<p>Les questions d\u2019\u00e9tat civil (naissances, mariages, divorces, d\u00e9c\u00e8s) sont trait\u00e9es \u00e0 Berlin par la section consulaire de l\u2019Ambassade de France. Les documents requis \u00e0 cet effet sont \u00e0 envoyer par la poste.<\/p>\n<h5>Enregistrement d\u2019une naissance<\/h5>\n<p>La marche \u00e0 suivre pour faire transcrire un acte de naissance allemand \u00e0 l\u2019\u00e9tat civil fran\u00e7ais est d\u00e9crite sur le site <a href=\"https:\/\/de.ambafrance.org\/ENREGISTREMENT-D-UNE-NAISSANCE\" target=\"_blank\" rel=\"noopener\">Enregistrement-une-naissance<\/a><\/p>\n<h5>Mariage en Allemagne<\/h5>\n<p>Les formalit\u00e9s \u00e0 effectuer avant et apr\u00e8s un mariage en Allemagne pour qu\u2019il soit reconnu par les autorit\u00e9s fran\u00e7aises sont expliqu\u00e9es sur le site <a href=\"https:\/\/de.ambafrance.org\/SE-MARIER-EN-ALLEMAGNE,9153\" target=\"_blank\" rel=\"noopener\">Se-marier-en-allemagne<\/a><\/p>\n<h5>Divorce<\/h5>\n<p>Pour faire reconna\u00eetre un jugement de divorce prononc\u00e9 en Allemagne, veuillez consulter le site <a href=\"https:\/\/de.ambafrance.org\/DIVORCE-EN-ALLEMAGNE-SEPARATION-DE\" target=\"_blank\" rel=\"noopener\">Divorce-en-allemagne-separation<\/a><\/p>\n<h5>D\u00e9c\u00e8s<\/h5>\n<p>La marche \u00e0 suivre pour faire enregistrer un acte de d\u00e9c\u00e8s allemand \u00e0 l\u2019\u00e9tat civil fran\u00e7ais est d\u00e9crite sur le site <a href=\"https:\/\/de.ambafrance.org\/DECES-EN-ALLEMAGNE\" target=\"_blank\" rel=\"noopener\">Deces-en-allemagne<\/a><\/p>\n<h5>Conseils<\/h5>\n<p>Sur le site <a href=\"https:\/\/de.ambafrance.org\/\" target=\"_blank\" rel=\"noopener\">ambafrance.org<\/a> vous trouverez d\u2019autres informations utiles et int\u00e9ressantes pour les Fran\u00e7ais \u00e9tablis en Allemagne.<\/p>\n<p>Nous vous conseillons aussi le site officiel de l\u2019administration fran\u00e7aise\u00a0: <a href=\"https:\/\/consulat-honoraire-france.de\/fr\/www.service-public.fr\" target=\"_blank\" rel=\"noopener\">www.service-public.fr<\/a><\/p>\n<p>Pour tout autre renseignement ou conseil, vous pouvez nous \u00e9crire \u00e0 l\u2019adresse mail indiqu\u00e9 en bas. Nous r\u00e9pondrons de notre mieux \u00e0 vos demandes.<\/p>\n<\/div><\/div><\/div><\/div><\/div><div class=\"w-separator size_custom\" style=\"height:15px\"><\/div><\/div><\/div><\/div><\/div><\/section>\n","protected":false},"excerpt":{"rendered":"Bienvenue Bienvenue sur le site du consulat honoraire de France \u00e0 Mannheim ! Nous sommes contents de votre visite et nous vous invitons \u00e0 d\u00e9couvrir les activit\u00e9s du consul honoraire ainsi que d\u2019apprendre plus sur nos coop\u00e9rations. De plus, nous voudrions vous informer des \u00e9v\u00e9nements culturels actuels dans la r\u00e9gion. Bonne visite ! Conseils pratiques...","protected":false},"author":1,"featured_media":0,"parent":0,"menu_order":0,"comment_status":"closed","ping_status":"closed","template":"","meta":{"footnotes":""},"class_list":["post-25","page","type-page","status-publish","hentry"],"_links":{"self":[{"href":"https:\/\/consulat-honoraire-france.de\/fr\/wp-json\/wp\/v2\/pages\/25","targetHints":{"allow":["GET"]}}],"collection":[{"href":"https:\/\/consulat-honoraire-france.de\/fr\/wp-json\/wp\/v2\/pages"}],"about":[{"href":"https:\/\/consulat-honoraire-france.de\/fr\/wp-json\/wp\/v2\/types\/page"}],"author":[{"embeddable":true,"href":"https:\/\/consulat-honoraire-france.de\/fr\/wp-json\/wp\/v2\/users\/1"}],"replies":[{"embeddable":true,"href":"https:\/\/consulat-honoraire-france.de\/fr\/wp-json\/wp\/v2\/comments?post=25"}],"version-history":[{"count":119,"href":"https:\/\/consulat-honoraire-france.de\/fr\/wp-json\/wp\/v2\/pages\/25\/revisions"}],"predecessor-version":[{"id":460,"href":"https:\/\/consulat-honoraire-france.de\/fr\/wp-json\/wp\/v2\/pages\/25\/revisions\/460"}],"wp:attachment":[{"href":"https:\/\/consulat-honoraire-france.de\/fr\/wp-json\/wp\/v2\/media?parent=25"}],"curies":[{"name":"wp","href":"https:\/\/api.w.org\/{rel}","templated":true}]}}